{"id":74,"date":"2018-08-24T01:25:26","date_gmt":"2018-08-24T01:25:26","guid":{"rendered":"http:\/\/192.168.1.209\/greenfarm\/?page_id=17"},"modified":"2024-11-28T12:05:32","modified_gmt":"2024-11-28T12:05:32","slug":"contact","status":"publish","type":"page","link":"https:\/\/www.armoniscarpet.com\/?page_id=74","title":{"rendered":"Contact"},"content":{"rendered":"<div class=\"wpb-content-wrapper\">[vc_row full_width=&#8221;stretch_row_content_no_spaces&#8221; css=&#8221;.vc_custom_1536559738900{margin-bottom: 60px !important;}&#8221;][vc_column][vc_gmaps link=&#8221;#E-8_JTNDaWZyYW1lJTIwc3JjJTNEJTIyaHR0cHMlM0ElMkYlMkZ3d3cuZ29vZ2xlLmNvbSUyRm1hcHMlMkZlbWJlZCUzRnBiJTNEJTIxMW0xNCUyMTFtMTIlMjExbTMlMjExZDE1OTAuMDk3MTkwNjk2NjQwMiUyMTJkMzcuMzM2NzEyNDcxMjE2MDQlMjEzZDM3LjE0ODA3NzI2ODc1ODczJTIxMm0zJTIxMWYwJTIxMmYwJTIxM2YwJTIxM20yJTIxMWkxMDI0JTIxMmk3NjglMjE0ZjEzLjElMjE1ZTAlMjEzbTIlMjExc3RyJTIxMnN0ciUyMTR2MTcyMjc2ODE4MzE0MyUyMTVtMiUyMTFzdHIlMjEyc3RyJTIyJTIwd2lkdGglM0QlMjI2MDAlMjIlMjBoZWlnaHQlM0QlMjI0NTAlMjIlMjBmcmFtZWJvcmRlciUzRCUyMjAlMjIlMjBzdHlsZSUzRCUyMmJvcmRlciUzQTAlMjIlMjBhbGxvd2Z1bGxzY3JlZW4lM0UlM0MlMkZpZnJhbWUlM0U=&#8221;][\/vc_column][\/vc_row][vc_row][vc_column el_class=&#8221;contact-text&#8221; offset=&#8221;vc_col-lg-3 vc_col-md-3&#8243;][vc_column_text]\n<h3>Contact Us<\/h3>\n[\/vc_column_text][vc_column_text]\n<ul>\n<li><i class=\"fa fa-home\" aria-hidden=\"true\">icon<\/i><br \/>\n<h4>Address<\/h4>\n<p>5.OSB 83514 Nolu Cad. No:7\/4 Ba\u015fp\u0131nar \u015eehitkamil\/GAZ\u0130ANTEP\/ T\u00dcRK\u0130YE<\/li>\n<li><i class=\"fa fa-envelope-open-o\" aria-hidden=\"true\">icon<\/i><br \/>\n<h4>Phone<\/h4>\n<p>Mobile: 0532 384 84 45<\/li>\n<li><i class=\"fa fa-phone\" aria-hidden=\"true\">icon<\/i><br \/>\n<h4>Email<\/h4>\n<p>info@armoniscarpet.com<\/li>\n<\/ul>\n[\/vc_column_text][\/vc_column][vc_column offset=&#8221;vc_col-lg-1 vc_col-md-1 vc_hidden-sm&#8221;][\/vc_column][vc_column el_class=&#8221;contact-form&#8221; offset=&#8221;vc_col-lg-8 vc_col-md-8&#8243;][vc_column_text]\n<h3>Tell Us Your Message<\/h3>\n[\/vc_column_text]<p class=\"wpcf7-contact-form-not-found\"><strong>Error:<\/strong> Contact form not found.<\/p>[\/vc_column][\/vc_row]\n<\/div>","protected":false},"excerpt":{"rendered":"<p>[vc_row full_width=&#8221;stretch_row_content_no_spaces&#8221; css=&#8221;.vc_custom_1536559738900{margin-bottom: 60px !important;}&#8221;][vc_column][vc_gmaps link=&#8221;#E-8_JTNDaWZyYW1lJTIwc3JjJTNEJTIyaHR0cHMlM0ElMkYlMkZ3d3cuZ29vZ2xlLmNvbSUyRm1hcHMlMkZlbWJlZCUzRnBiJTNEJTIxMW0xNCUyMTFtMTIlMjExbTMlMjExZDE1OTAuMDk3MTkwNjk2NjQwMiUyMTJkMzcuMzM2NzEyNDcxMjE2MDQlMjEzZDM3LjE0ODA3NzI2ODc1ODczJTIxMm0zJTIxMWYwJTIxMmYwJTIxM2YwJTIxM20yJTIxMWkxMDI0JTIxMmk3NjglMjE0ZjEzLjElMjE1ZTAlMjEzbTIlMjExc3RyJTIxMnN0ciUyMTR2MTcyMjc2ODE4MzE0MyUyMTVtMiUyMTFzdHIlMjEyc3RyJTIyJTIwd2lkdGglM0QlMjI2MDAlMjIlMjBoZWlnaHQlM0QlMjI0NTAlMjIlMjBmcmFtZWJvcmRlciUzRCUyMjAlMjIlMjBzdHlsZSUzRCUyMmJvcmRlciUzQTAlMjIlMjBhbGxvd2Z1bGxzY3JlZW4lM0UlM0MlMkZpZnJhbWUlM0U=&#8221;][\/vc_column][\/vc_row][vc_row][vc_column el_class=&#8221;contact-text&#8221; offset=&#8221;vc_col-lg-3 vc_col-md-3&#8243;][vc_column_text] Contact Us [\/vc_column_text][vc_column_text] icon Address 5.OSB 83514 Nolu Cad. No:7\/4 Ba\u015fp\u0131nar \u015eehitkamil\/GAZ\u0130ANTEP\/ T\u00dcRK\u0130YE icon Phone Mobile: 0532 384 84 45 icon Email info@armoniscarpet.com [\/vc_column_text][\/vc_column][vc_column offset=&#8221;vc_col-lg-1 vc_col-md-1 vc_hidden-sm&#8221;][\/vc_column][vc_column el_class=&#8221;contact-form&#8221; offset=&#8221;vc_col-lg-8 vc_col-md-8&#8243;][vc_column_text] Tell Us Your Message [\/vc_column_text][\/vc_column][\/vc_row]<\/p>\n","protected":false},"author":1,"featured_media":0,"parent":0,"menu_order":0,"comment_status":"closed","ping_status":"closed","template":"page-templates\/contact-page.php","meta":{"footnotes":""},"class_list":["post-74","page","type-page","status-publish","hentry"],"_links":{"self":[{"href":"https:\/\/www.armoniscarpet.com\/index.php?rest_route=\/wp\/v2\/pages\/74","targetHints":{"allow":["GET"]}}],"collection":[{"href":"https:\/\/www.armoniscarpet.com\/index.php?rest_route=\/wp\/v2\/pages"}],"about":[{"href":"https:\/\/www.armoniscarpet.com\/index.php?rest_route=\/wp\/v2\/types\/page"}],"author":[{"embeddable":true,"href":"https:\/\/www.armoniscarpet.com\/index.php?rest_route=\/wp\/v2\/users\/1"}],"replies":[{"embeddable":true,"href":"https:\/\/www.armoniscarpet.com\/index.php?rest_route=%2Fwp%2Fv2%2Fcomments&post=74"}],"version-history":[{"count":2,"href":"https:\/\/www.armoniscarpet.com\/index.php?rest_route=\/wp\/v2\/pages\/74\/revisions"}],"predecessor-version":[{"id":1370,"href":"https:\/\/www.armoniscarpet.com\/index.php?rest_route=\/wp\/v2\/pages\/74\/revisions\/1370"}],"wp:attachment":[{"href":"https:\/\/www.armoniscarpet.com\/index.php?rest_route=%2Fwp%2Fv2%2Fmedia&parent=74"}],"curies":[{"name":"wp","href":"https:\/\/api.w.org\/{rel}","templated":true}]}}